{"id":996,"date":"2025-04-05T19:40:00","date_gmt":"2025-04-05T19:40:00","guid":{"rendered":"https:\/\/nuitsgardoises.com\/?page_id=996"},"modified":"2026-04-22T15:50:19","modified_gmt":"2026-04-22T15:50:19","slug":"la-scene-lyrique-de-venejan","status":"publish","type":"page","link":"https:\/\/nuitsgardoises.com\/?page_id=996","title":{"rendered":"La Sc\u00e8ne Lyrique de V\u00e9n\u00e9jan"},"content":{"rendered":"\t\t<div data-elementor-type=\"wp-page\" data-elementor-id=\"996\" class=\"elementor elementor-996\">\n\t\t\t\t\t\t<section class=\"elementor-section elementor-top-section elementor-element elementor-element-0605a64 elementor-section-boxed elementor-section-height-default elementor-section-height-default\" data-id=\"0605a64\" data-element_type=\"section\" data-e-type=\"section\">\n\t\t\t\t\t\t<div class=\"elementor-container elementor-column-gap-default\">\n\t\t\t\t\t<div class=\"elementor-column elementor-col-50 elementor-top-column elementor-element elementor-element-c3f610d\" data-id=\"c3f610d\" data-element_type=\"column\" data-e-type=\"column\">\n\t\t\t<div class=\"elementor-widget-wrap elementor-element-populated\">\n\t\t\t\t\t\t<div class=\"elementor-element elementor-element-7a9b7f0 elementor-widget elementor-widget-image\" data-id=\"7a9b7f0\" data-element_type=\"widget\" data-e-type=\"widget\" data-widget_type=\"image.default\">\n\t\t\t\t<div class=\"elementor-widget-container\">\n\t\t\t\t\t\t\t\t\t\t\t\t\t\t\t<img fetchpriority=\"high\" decoding=\"async\" width=\"561\" height=\"794\" src=\"https:\/\/nuitsgardoises.com\/wp-content\/uploads\/2026\/04\/Diapositive15.jpg\" class=\"attachment-large size-large wp-image-1262\" alt=\"\" srcset=\"https:\/\/nuitsgardoises.com\/wp-content\/uploads\/2026\/04\/Diapositive15.jpg 561w, https:\/\/nuitsgardoises.com\/wp-content\/uploads\/2026\/04\/Diapositive15-212x300.jpg 212w, https:\/\/nuitsgardoises.com\/wp-content\/uploads\/2026\/04\/Diapositive15-380x538.jpg 380w\" sizes=\"(max-width: 561px) 100vw, 561px\" \/>\t\t\t\t\t\t\t\t\t\t\t\t\t\t\t<\/div>\n\t\t\t\t<\/div>\n\t\t\t\t\t<\/div>\n\t\t<\/div>\n\t\t\t\t<div class=\"elementor-column elementor-col-50 elementor-top-column elementor-element elementor-element-9ef7127\" data-id=\"9ef7127\" data-element_type=\"column\" data-e-type=\"column\">\n\t\t\t<div class=\"elementor-widget-wrap elementor-element-populated\">\n\t\t\t\t\t\t<div class=\"elementor-element elementor-element-0b2ec55 elementor-widget elementor-widget-image\" data-id=\"0b2ec55\" data-element_type=\"widget\" data-e-type=\"widget\" data-widget_type=\"image.default\">\n\t\t\t\t<div class=\"elementor-widget-container\">\n\t\t\t\t\t\t\t\t\t\t\t\t\t\t\t<img decoding=\"async\" width=\"561\" height=\"794\" src=\"https:\/\/nuitsgardoises.com\/wp-content\/uploads\/2026\/04\/Diapositive16.jpg\" class=\"attachment-large size-large wp-image-1263\" alt=\"\" srcset=\"https:\/\/nuitsgardoises.com\/wp-content\/uploads\/2026\/04\/Diapositive16.jpg 561w, https:\/\/nuitsgardoises.com\/wp-content\/uploads\/2026\/04\/Diapositive16-212x300.jpg 212w, https:\/\/nuitsgardoises.com\/wp-content\/uploads\/2026\/04\/Diapositive16-380x538.jpg 380w\" sizes=\"(max-width: 561px) 100vw, 561px\" \/>\t\t\t\t\t\t\t\t\t\t\t\t\t\t\t<\/div>\n\t\t\t\t<\/div>\n\t\t\t\t\t<\/div>\n\t\t<\/div>\n\t\t\t\t\t<\/div>\n\t\t<\/section>\n\t\t\t\t<section class=\"elementor-section elementor-top-section elementor-element elementor-element-45f520d elementor-section-boxed elementor-section-height-default elementor-section-height-default\" data-id=\"45f520d\" data-element_type=\"section\" data-e-type=\"section\">\n\t\t\t\t\t\t<div class=\"elementor-container elementor-column-gap-default\">\n\t\t\t\t\t<div class=\"elementor-column elementor-col-100 elementor-top-column elementor-element elementor-element-56e8505\" data-id=\"56e8505\" data-element_type=\"column\" data-e-type=\"column\">\n\t\t\t<div class=\"elementor-widget-wrap elementor-element-populated\">\n\t\t\t\t\t\t<div class=\"elementor-element elementor-element-262d0da elementor-widget elementor-widget-text-editor\" data-id=\"262d0da\" data-element_type=\"widget\" data-e-type=\"widget\" data-widget_type=\"text-editor.default\">\n\t\t\t\t<div class=\"elementor-widget-container\">\n\t\t\t\t\t\t\t\t\t<div data-olk-copy-source=\"MailCompose\">Renseignements et r\u00e9servations<\/div>\n<div>www.lessoireesmusicalesdevenejan.com<\/div>\n<div>scenelyriquevenejan@gmail.com<\/div>\n<div>06 72 41 31 89<\/div>\t\t\t\t\t\t\t\t<\/div>\n\t\t\t\t<\/div>\n\t\t\t\t\t<\/div>\n\t\t<\/div>\n\t\t\t\t\t<\/div>\n\t\t<\/section>\n\t\t\t\t<\/div>\n\t\t","protected":false},"excerpt":{"rendered":"<p>Renseignements et r\u00e9servations www.lessoireesmusicalesdevenejan.com scenelyriquevenejan@gmail.com 06 72 41 31 89<\/p>\n","protected":false},"author":2,"featured_media":0,"parent":0,"menu_order":0,"comment_status":"closed","ping_status":"closed","template":"","meta":{"footnotes":""},"class_list":["post-996","page","type-page","status-publish","hentry"],"_links":{"self":[{"href":"https:\/\/nuitsgardoises.com\/index.php?rest_route=\/wp\/v2\/pages\/996","targetHints":{"allow":["GET"]}}],"collection":[{"href":"https:\/\/nuitsgardoises.com\/index.php?rest_route=\/wp\/v2\/pages"}],"about":[{"href":"https:\/\/nuitsgardoises.com\/index.php?rest_route=\/wp\/v2\/types\/page"}],"author":[{"embeddable":true,"href":"https:\/\/nuitsgardoises.com\/index.php?rest_route=\/wp\/v2\/users\/2"}],"replies":[{"embeddable":true,"href":"https:\/\/nuitsgardoises.com\/index.php?rest_route=%2Fwp%2Fv2%2Fcomments&post=996"}],"version-history":[{"count":18,"href":"https:\/\/nuitsgardoises.com\/index.php?rest_route=\/wp\/v2\/pages\/996\/revisions"}],"predecessor-version":[{"id":1380,"href":"https:\/\/nuitsgardoises.com\/index.php?rest_route=\/wp\/v2\/pages\/996\/revisions\/1380"}],"wp:attachment":[{"href":"https:\/\/nuitsgardoises.com\/index.php?rest_route=%2Fwp%2Fv2%2Fmedia&parent=996"}],"curies":[{"name":"wp","href":"https:\/\/api.w.org\/{rel}","templated":true}]}}